{"id":11787,"date":"2025-02-04T16:41:01","date_gmt":"2025-02-04T14:41:01","guid":{"rendered":"https:\/\/viviquecosmetics.nfwebdesign.ch\/?page_id=11787"},"modified":"2025-02-26T09:11:07","modified_gmt":"2025-02-26T08:11:07","slug":"ueber-uns","status":"publish","type":"page","link":"https:\/\/viviquecosmetics.ch\/en\/ueber-uns\/","title":{"rendered":"\u00dcber uns"},"content":{"rendered":"<div data-elementor-type=\"wp-page\" data-elementor-id=\"11787\" class=\"elementor elementor-11787\" data-elementor-post-type=\"page\">\n\t\t\t\t<div class=\"elementor-element elementor-element-d4b7de4 e-con-full e-flex e-con e-parent\" data-id=\"d4b7de4\" data-element_type=\"container\" data-settings=\"{&quot;background_background&quot;:&quot;classic&quot;}\">\n\t\t<div class=\"elementor-element elementor-element-5e76d18 e-flex e-con-boxed e-con e-child\" data-id=\"5e76d18\" data-element_type=\"container\">\n\t\t\t\t\t<div class=\"e-con-inner\">\n\t\t\t\t<div class=\"elementor-element elementor-element-a529df4 elementor-widget elementor-widget-heading\" data-id=\"a529df4\" data-element_type=\"widget\" data-widget_type=\"heading.default\">\n\t\t\t\t<div class=\"elementor-widget-container\">\n\t\t\t\t\t<h2 class=\"elementor-heading-title elementor-size-default\">\u00dcber uns<\/h2>\t\t\t\t<\/div>\n\t\t\t\t<\/div>\n\t\t\t\t<div class=\"elementor-element elementor-element-125d29a elementor-widget elementor-widget-text-editor\" data-id=\"125d29a\" data-element_type=\"widget\" data-widget_type=\"text-editor.default\">\n\t\t\t\t<div class=\"elementor-widget-container\">\n\t\t\t\t\t\t\t\t\t<p>Vivique Cosmetics wurde aus dem Wunsch heraus gegr\u00fcndet, mehr als nur eine Wimpernverl\u00e4ngerung zu bieten \u2013 ein Ort zu schaffen, der alle Sinne anspricht und einen bleibenden Eindruck hinterl\u00e4sst.<\/p><p>Die Vision war klar: Die R\u00fcckkehr zu einer verdienten Luxuserfahrung, die die Wimpernverl\u00e4ngerung zu dem macht, was sie sein sollte \u2013 ein exklusives und vollkommenes Erlebnis.<\/p><p>\u00a0<\/p><p>Das Vivique Cosmetics Studio ist eine Oase, in der Ruhe, Eleganz und Perfektion aufeinandertreffen. Jeder Moment, vom Betreten des Studios bis zum letzten Blick in den Spiegel, ist sorgf\u00e4ltig durchdacht, um dich in eine Welt einzuladen, in der Zeit und Alltag in den Hintergrund treten.<\/p><p>Eine harmonische Symbiose aus \u00c4sthetik, Entspannung und exzellentem Service macht jeden Besuch zu etwas Aussergew\u00f6hnlichem.<\/p><p>\u00a0<\/p><p>Die Geschichte hinter Vivique ist gepr\u00e4gt von Leidenschaft und einem hohen Anspruch an Qualit\u00e4t. Als Gr\u00fcnderin wollte ich einen Ort schaffen, an dem nicht nur das Ergebnis z\u00e4hlt, sondern das gesamte Erlebnis. Aus dieser \u00dcberzeugung heraus entstand ein Konzept, das Exklusivit\u00e4t zug\u00e4nglich macht, ohne Kompromisse bei Perfektion und Pr\u00e4zision einzugehen.<\/p><p>\u00a0<\/p><p>F\u00fcr all jene, die sich mehr Flexibilit\u00e4t w\u00fcnschen, sind die k\u00fcnstlichen Wimpern von Vivique Cosmetics im Shop erh\u00e4ltlich \u2013 f\u00fcr einen makellosen Look, wann und wo du ihn brauchst.<\/p><p>\u00a0<\/p><p>Offenheit, Vielfalt und Wertsch\u00e4tzung stehen bei Vivique Cosmetics an oberster Stelle. Bei uns ist jeder willkommen, unabh\u00e4ngig von Herkunft, Kultur oder Pers\u00f6nlichkeit. Denn wahre Sch\u00f6nheit kennt keine Grenzen.<\/p>\t\t\t\t\t\t\t\t<\/div>\n\t\t\t\t<\/div>\n\t\t\t\t\t<\/div>\n\t\t\t\t<\/div>\n\t\t\t\t<\/div>\n\t\t\t\t<\/div>","protected":false},"excerpt":{"rendered":"<p>\u00dcber uns Vivique Cosmetics wurde aus dem Wunsch heraus gegr\u00fcndet, mehr als nur eine Wimpernverl\u00e4ngerung zu bieten \u2013 ein Ort zu schaffen, der alle Sinne anspricht und einen bleibenden Eindruck hinterl\u00e4sst. Die Vision war klar: Die R\u00fcckkehr zu einer verdienten Luxuserfahrung, die die Wimpernverl\u00e4ngerung zu dem macht, was sie sein sollte \u2013 ein exklusives und [&hellip;]<\/p>","protected":false},"author":34,"featured_media":0,"parent":0,"menu_order":0,"comment_status":"closed","ping_status":"closed","template":"","meta":{"footnotes":""},"class_list":["post-11787","page","type-page","status-publish","hentry"],"_links":{"self":[{"href":"https:\/\/viviquecosmetics.ch\/en\/wp-json\/wp\/v2\/pages\/11787","targetHints":{"allow":["GET"]}}],"collection":[{"href":"https:\/\/viviquecosmetics.ch\/en\/wp-json\/wp\/v2\/pages"}],"about":[{"href":"https:\/\/viviquecosmetics.ch\/en\/wp-json\/wp\/v2\/types\/page"}],"author":[{"embeddable":true,"href":"https:\/\/viviquecosmetics.ch\/en\/wp-json\/wp\/v2\/users\/34"}],"replies":[{"embeddable":true,"href":"https:\/\/viviquecosmetics.ch\/en\/wp-json\/wp\/v2\/comments?post=11787"}],"version-history":[{"count":24,"href":"https:\/\/viviquecosmetics.ch\/en\/wp-json\/wp\/v2\/pages\/11787\/revisions"}],"predecessor-version":[{"id":12384,"href":"https:\/\/viviquecosmetics.ch\/en\/wp-json\/wp\/v2\/pages\/11787\/revisions\/12384"}],"wp:attachment":[{"href":"https:\/\/viviquecosmetics.ch\/en\/wp-json\/wp\/v2\/media?parent=11787"}],"curies":[{"name":"wp","href":"https:\/\/api.w.org\/{rel}","templated":true}]}}