{"id":11830,"date":"2025-02-04T17:42:27","date_gmt":"2025-02-04T15:42:27","guid":{"rendered":"https:\/\/viviquecosmetics.nfwebdesign.ch\/?page_id=11830"},"modified":"2026-01-05T09:58:19","modified_gmt":"2026-01-05T08:58:19","slug":"erlebnis-buchen","status":"publish","type":"page","link":"https:\/\/viviquecosmetics.ch\/en\/erlebnis-buchen\/","title":{"rendered":"Erlebnis buchen"},"content":{"rendered":"<div data-elementor-type=\"wp-page\" data-elementor-id=\"11830\" class=\"elementor elementor-11830\" data-elementor-post-type=\"page\">\n\t\t\t\t<div class=\"elementor-element elementor-element-43996c7 e-flex e-con-boxed e-con e-parent\" data-id=\"43996c7\" data-element_type=\"container\" data-settings=\"{&quot;background_background&quot;:&quot;classic&quot;}\">\n\t\t\t\t\t<div class=\"e-con-inner\">\n\t\t\t\t<div class=\"elementor-element elementor-element-7602dee elementor-widget elementor-widget-heading\" data-id=\"7602dee\" data-element_type=\"widget\" data-widget_type=\"heading.default\">\n\t\t\t\t<div class=\"elementor-widget-container\">\n\t\t\t\t\t<h1 class=\"elementor-heading-title elementor-size-default\">Erlebe Vivique Cosmetics<\/h1>\t\t\t\t<\/div>\n\t\t\t\t<\/div>\n\t\t\t\t<div class=\"elementor-element elementor-element-586b9c2 elementor-widget-divider--view-line elementor-widget elementor-widget-divider\" data-id=\"586b9c2\" data-element_type=\"widget\" data-widget_type=\"divider.default\">\n\t\t\t\t<div class=\"elementor-widget-container\">\n\t\t\t\t\t\t\t<div class=\"elementor-divider\">\n\t\t\t<span class=\"elementor-divider-separator\">\n\t\t\t\t\t\t<\/span>\n\t\t<\/div>\n\t\t\t\t\t\t<\/div>\n\t\t\t\t<\/div>\n\t\t\t\t\t<\/div>\n\t\t\t\t<\/div>\n\t\t<div class=\"elementor-element elementor-element-22d7c83 e-flex e-con-boxed e-con e-parent\" data-id=\"22d7c83\" data-element_type=\"container\" data-settings=\"{&quot;background_background&quot;:&quot;classic&quot;}\">\n\t\t\t\t\t<div class=\"e-con-inner\">\n\t\t<div class=\"elementor-element elementor-element-e7f8789 e-con-full e-flex e-con e-child\" data-id=\"e7f8789\" data-element_type=\"container\">\n\t\t<div class=\"elementor-element elementor-element-f857ecb e-con-full e-flex e-con e-child\" data-id=\"f857ecb\" data-element_type=\"container\">\n\t\t\t\t<div class=\"elementor-element elementor-element-deb46a5 elementor-widget elementor-widget-text-editor\" data-id=\"deb46a5\" data-element_type=\"widget\" data-widget_type=\"text-editor.default\">\n\t\t\t\t<div class=\"elementor-widget-container\">\n\t\t\t\t\t\t\t\t\t<p>Die Behandlung<\/p>\t\t\t\t\t\t\t\t<\/div>\n\t\t\t\t<\/div>\n\t\t\t\t<div class=\"elementor-element elementor-element-a52d991 elementor-widget-divider--view-line elementor-widget elementor-widget-divider\" data-id=\"a52d991\" data-element_type=\"widget\" data-widget_type=\"divider.default\">\n\t\t\t\t<div class=\"elementor-widget-container\">\n\t\t\t\t\t\t\t<div class=\"elementor-divider\">\n\t\t\t<span class=\"elementor-divider-separator\">\n\t\t\t\t\t\t<\/span>\n\t\t<\/div>\n\t\t\t\t\t\t<\/div>\n\t\t\t\t<\/div>\n\t\t\t\t<div class=\"elementor-element elementor-element-144b126 elementor-widget__width-initial elementor-widget elementor-widget-text-editor\" data-id=\"144b126\" data-element_type=\"widget\" data-widget_type=\"text-editor.default\">\n\t\t\t\t<div class=\"elementor-widget-container\">\n\t\t\t\t\t\t\t\t\t<p>Geniesse die Behandlung mit wohltuenden D\u00fcften und sanfter Musik.<\/p>\t\t\t\t\t\t\t\t<\/div>\n\t\t\t\t<\/div>\n\t\t\t\t<\/div>\n\t\t<div class=\"elementor-element elementor-element-88ede76 e-con-full e-flex e-con e-child\" data-id=\"88ede76\" data-element_type=\"container\">\n\t\t\t\t<div class=\"elementor-element elementor-element-b3b08ec elementor-widget elementor-widget-text-editor\" data-id=\"b3b08ec\" data-element_type=\"widget\" data-widget_type=\"text-editor.default\">\n\t\t\t\t<div class=\"elementor-widget-container\">\n\t\t\t\t\t\t\t\t\t<p>Ergebnis<\/p>\t\t\t\t\t\t\t\t<\/div>\n\t\t\t\t<\/div>\n\t\t\t\t<div class=\"elementor-element elementor-element-fe4215b elementor-widget-divider--view-line elementor-widget elementor-widget-divider\" data-id=\"fe4215b\" data-element_type=\"widget\" data-widget_type=\"divider.default\">\n\t\t\t\t<div class=\"elementor-widget-container\">\n\t\t\t\t\t\t\t<div class=\"elementor-divider\">\n\t\t\t<span class=\"elementor-divider-separator\">\n\t\t\t\t\t\t<\/span>\n\t\t<\/div>\n\t\t\t\t\t\t<\/div>\n\t\t\t\t<\/div>\n\t\t\t\t<div class=\"elementor-element elementor-element-dfd220a elementor-widget__width-initial elementor-widget elementor-widget-text-editor\" data-id=\"dfd220a\" data-element_type=\"widget\" data-widget_type=\"text-editor.default\">\n\t\t\t\t<div class=\"elementor-widget-container\">\n\t\t\t\t\t\t\t\t\t<p>Betrachte das Ergebnis und sp\u00fcre pure Begeisterung.<\/p>\t\t\t\t\t\t\t\t<\/div>\n\t\t\t\t<\/div>\n\t\t\t\t<\/div>\n\t\t\t\t<\/div>\n\t\t<div class=\"elementor-element elementor-element-cce9015 e-con-full e-flex e-con e-child\" data-id=\"cce9015\" data-element_type=\"container\">\n\t\t<div class=\"elementor-element elementor-element-fb3274e e-con-full e-flex e-con e-child\" data-id=\"fb3274e\" data-element_type=\"container\">\n\t\t\t\t<div class=\"elementor-element elementor-element-c5985ad elementor-widget elementor-widget-text-editor\" data-id=\"c5985ad\" data-element_type=\"widget\" data-widget_type=\"text-editor.default\">\n\t\t\t\t<div class=\"elementor-widget-container\">\n\t\t\t\t\t\t\t\t\t<p>Signature Drink Karte<\/p>\t\t\t\t\t\t\t\t<\/div>\n\t\t\t\t<\/div>\n\t\t\t\t<div class=\"elementor-element elementor-element-ba450ba elementor-widget-divider--view-line elementor-widget elementor-widget-divider\" data-id=\"ba450ba\" data-element_type=\"widget\" data-widget_type=\"divider.default\">\n\t\t\t\t<div class=\"elementor-widget-container\">\n\t\t\t\t\t\t\t<div class=\"elementor-divider\">\n\t\t\t<span class=\"elementor-divider-separator\">\n\t\t\t\t\t\t<\/span>\n\t\t<\/div>\n\t\t\t\t\t\t<\/div>\n\t\t\t\t<\/div>\n\t\t\t\t<div class=\"elementor-element elementor-element-8933906 elementor-widget__width-initial elementor-widget elementor-widget-text-editor\" data-id=\"8933906\" data-element_type=\"widget\" data-widget_type=\"text-editor.default\">\n\t\t\t\t<div class=\"elementor-widget-container\">\n\t\t\t\t\t\t\t\t\t<p>W\u00e4hle deinen Signature Drink mit Beauty Benefits von unserer Karte.<\/p>\t\t\t\t\t\t\t\t<\/div>\n\t\t\t\t<\/div>\n\t\t\t\t<\/div>\n\t\t<div class=\"elementor-element elementor-element-e7165d2 e-con-full e-flex e-con e-child\" data-id=\"e7165d2\" data-element_type=\"container\">\n\t\t\t\t<div class=\"elementor-element elementor-element-9a006e8 elementor-widget elementor-widget-text-editor\" data-id=\"9a006e8\" data-element_type=\"widget\" data-widget_type=\"text-editor.default\">\n\t\t\t\t<div class=\"elementor-widget-container\">\n\t\t\t\t\t\t\t\t\t<p>Massage<\/p>\t\t\t\t\t\t\t\t<\/div>\n\t\t\t\t<\/div>\n\t\t\t\t<div class=\"elementor-element elementor-element-2211d72 elementor-widget-divider--view-line elementor-widget elementor-widget-divider\" data-id=\"2211d72\" data-element_type=\"widget\" data-widget_type=\"divider.default\">\n\t\t\t\t<div class=\"elementor-widget-container\">\n\t\t\t\t\t\t\t<div class=\"elementor-divider\">\n\t\t\t<span class=\"elementor-divider-separator\">\n\t\t\t\t\t\t<\/span>\n\t\t<\/div>\n\t\t\t\t\t\t<\/div>\n\t\t\t\t<\/div>\n\t\t\t\t<div class=\"elementor-element elementor-element-49712de elementor-widget__width-initial elementor-widget elementor-widget-text-editor\" data-id=\"49712de\" data-element_type=\"widget\" data-widget_type=\"text-editor.default\">\n\t\t\t\t<div class=\"elementor-widget-container\">\n\t\t\t\t\t\t\t\t\t<p>Geniesse eine Handmassage, die deine Behandlung harmonisch abrundet.<\/p>\t\t\t\t\t\t\t\t<\/div>\n\t\t\t\t<\/div>\n\t\t\t\t<\/div>\n\t\t\t\t<\/div>\n\t\t<div class=\"elementor-element elementor-element-98f2927 e-con-full e-flex e-con e-child\" data-id=\"98f2927\" data-element_type=\"container\">\n\t\t\t\t<div class=\"elementor-element elementor-element-902f358 elementor-widget elementor-widget-image\" data-id=\"902f358\" data-element_type=\"widget\" data-widget_type=\"image.default\">\n\t\t\t\t<div class=\"elementor-widget-container\">\n\t\t\t\t\t\t\t\t\t\t\t\t\t\t\t<img fetchpriority=\"high\" decoding=\"async\" width=\"800\" height=\"800\" src=\"https:\/\/viviquecosmetics.ch\/wp-content\/uploads\/Buchung-1024x1024.jpg\" class=\"attachment-large size-large wp-image-12110\" alt=\"Vivique Cosmetics Studio Wimpernverl\u00e4ngerung &amp; Online Shop Ebikon Schweiz\" srcset=\"https:\/\/viviquecosmetics.ch\/wp-content\/uploads\/Buchung-1024x1024.jpg 1024w, https:\/\/viviquecosmetics.ch\/wp-content\/uploads\/Buchung-380x380.jpg 380w, https:\/\/viviquecosmetics.ch\/wp-content\/uploads\/Buchung-300x300.jpg 300w, https:\/\/viviquecosmetics.ch\/wp-content\/uploads\/Buchung-100x100.jpg 100w\" sizes=\"(max-width: 800px) 100vw, 800px\" \/>\t\t\t\t\t\t\t\t\t\t\t\t\t\t\t<\/div>\n\t\t\t\t<\/div>\n\t\t\t\t<\/div>\n\t\t\t\t\t<\/div>\n\t\t\t\t<\/div>\n\t\t<div class=\"elementor-element elementor-element-270e45b e-flex e-con-boxed e-con e-parent\" data-id=\"270e45b\" data-element_type=\"container\" data-settings=\"{&quot;background_background&quot;:&quot;classic&quot;}\">\n\t\t\t\t\t<div class=\"e-con-inner\">\n\t\t\t\t<div class=\"elementor-element elementor-element-5fcc888 elementor-widget elementor-widget-heading\" data-id=\"5fcc888\" data-element_type=\"widget\" data-widget_type=\"heading.default\">\n\t\t\t\t<div class=\"elementor-widget-container\">\n\t\t\t\t\t<h2 class=\"elementor-heading-title elementor-size-default\">W\u00e4hle deine Behandlung<\/h2>\t\t\t\t<\/div>\n\t\t\t\t<\/div>\n\t\t\t\t<div class=\"elementor-element elementor-element-1eafe04 elementor-widget-divider--view-line elementor-widget elementor-widget-divider\" data-id=\"1eafe04\" data-element_type=\"widget\" data-widget_type=\"divider.default\">\n\t\t\t\t<div class=\"elementor-widget-container\">\n\t\t\t\t\t\t\t<div class=\"elementor-divider\">\n\t\t\t<span class=\"elementor-divider-separator\">\n\t\t\t\t\t\t<\/span>\n\t\t<\/div>\n\t\t\t\t\t\t<\/div>\n\t\t\t\t<\/div>\n\t\t\t\t<div class=\"elementor-element elementor-element-a6e1309 elementor-widget elementor-widget-catalogbooking\" data-id=\"a6e1309\" data-element_type=\"widget\" data-widget_type=\"catalogbooking.default\">\n\t\t\t\t<div class=\"elementor-widget-container\">\n\t\t\t\t\t\n<script>\n  if (typeof hasAmeliaEntitiesApiCall === 'undefined' && ('' === '' && '' !== '1')) {\n    var hasAmeliaEntitiesApiCall = true;\n  }\n  var ameliaShortcodeData = (typeof ameliaShortcodeData === 'undefined') ? [] : ameliaShortcodeData;\n  ameliaShortcodeData.push(\n    {\n      'hasApiCall': (typeof hasAmeliaEntitiesApiCall !== 'undefined') && hasAmeliaEntitiesApiCall,\n      'trigger': '',\n      'trigger_type': '',\n      'triggered_form': 'cbf',\n      'in_dialog': '',\n      'show': '',\n      'counter': '1000',\n      'package': '',\n      'category': '',\n      'service': '',\n      'employee': '',\n      'location': '',\n      'categories_hidden': ''\n    }\n  );\n  var ameliaShortcodeDataTriggered = (typeof ameliaShortcodeDataTriggered === 'undefined') ? [] : ameliaShortcodeDataTriggered;\n  if (ameliaShortcodeData[ameliaShortcodeData.length - 1].trigger !== '') {\n    if (ameliaShortcodeDataTriggered.filter(a => a.counter === ameliaShortcodeData[ameliaShortcodeData.length - 1].counter).length === 0) {\n      ameliaShortcodeDataTriggered.push(ameliaShortcodeData.pop());\n    } else {\n      ameliaShortcodeData.pop()\n    }\n  }\n  if (typeof hasAmeliaEntitiesApiCall !== 'undefined' && hasAmeliaEntitiesApiCall) {\n    hasAmeliaEntitiesApiCall = false;\n  }\n<\/script>\n\n<div\n  id=\"amelia-v2-booking-1000\"\n  class=\"amelia-v2-booking\"\n>\n    <catalog-form-wrapper><\/catalog-form-wrapper><\/div>\n\t\t\t\t<\/div>\n\t\t\t\t<\/div>\n\t\t\t\t\t<\/div>\n\t\t\t\t<\/div>\n\t\t\t\t<\/div>","protected":false},"excerpt":{"rendered":"<p>Erlebe Vivique Cosmetics Die Behandlung Geniesse die Behandlung mit wohltuenden D\u00fcften und sanfter Musik. Ergebnis Betrachte das Ergebnis und sp\u00fcre pure Begeisterung. Signature Drink Karte W\u00e4hle deinen Signature Drink mit Beauty Benefits von unserer Karte. Massage Geniesse eine Handmassage, die deine Behandlung harmonisch abrundet. W\u00e4hle deine Behandlung<\/p>","protected":false},"author":34,"featured_media":0,"parent":0,"menu_order":0,"comment_status":"closed","ping_status":"closed","template":"","meta":{"footnotes":""},"class_list":["post-11830","page","type-page","status-publish","hentry"],"_links":{"self":[{"href":"https:\/\/viviquecosmetics.ch\/en\/wp-json\/wp\/v2\/pages\/11830","targetHints":{"allow":["GET"]}}],"collection":[{"href":"https:\/\/viviquecosmetics.ch\/en\/wp-json\/wp\/v2\/pages"}],"about":[{"href":"https:\/\/viviquecosmetics.ch\/en\/wp-json\/wp\/v2\/types\/page"}],"author":[{"embeddable":true,"href":"https:\/\/viviquecosmetics.ch\/en\/wp-json\/wp\/v2\/users\/34"}],"replies":[{"embeddable":true,"href":"https:\/\/viviquecosmetics.ch\/en\/wp-json\/wp\/v2\/comments?post=11830"}],"version-history":[{"count":100,"href":"https:\/\/viviquecosmetics.ch\/en\/wp-json\/wp\/v2\/pages\/11830\/revisions"}],"predecessor-version":[{"id":12514,"href":"https:\/\/viviquecosmetics.ch\/en\/wp-json\/wp\/v2\/pages\/11830\/revisions\/12514"}],"wp:attachment":[{"href":"https:\/\/viviquecosmetics.ch\/en\/wp-json\/wp\/v2\/media?parent=11830"}],"curies":[{"name":"wp","href":"https:\/\/api.w.org\/{rel}","templated":true}]}}