{"id":61,"date":"2019-02-25T08:45:38","date_gmt":"2019-02-25T08:45:38","guid":{"rendered":"http:\/\/uray.physcode.com\/?page_id=11"},"modified":"2025-03-11T14:30:00","modified_gmt":"2025-03-11T13:30:00","slug":"home-01","status":"publish","type":"page","link":"https:\/\/viviquecosmetics.ch\/en\/","title":{"rendered":"Home"},"content":{"rendered":"<div data-elementor-type=\"wp-page\" data-elementor-id=\"61\" class=\"elementor elementor-61\" data-elementor-post-type=\"page\">\n\t\t\t\t<div class=\"elementor-element elementor-element-f4f6551 e-con-full e-flex e-con e-parent\" data-id=\"f4f6551\" data-element_type=\"container\" data-settings=\"{&quot;background_background&quot;:&quot;classic&quot;}\">\n\t\t\t\t<div class=\"elementor-element elementor-element-8344960 elementor-widget elementor-widget-image\" data-id=\"8344960\" data-element_type=\"widget\" data-widget_type=\"image.default\">\n\t\t\t\t<div class=\"elementor-widget-container\">\n\t\t\t\t\t\t\t\t\t\t\t\t\t\t\t<img fetchpriority=\"high\" decoding=\"async\" width=\"800\" height=\"800\" src=\"https:\/\/viviquecosmetics.ch\/wp-content\/uploads\/2-1-1024x1024.png\" class=\"attachment-large size-large wp-image-12001\" alt=\"\" srcset=\"https:\/\/viviquecosmetics.ch\/wp-content\/uploads\/2-1-1024x1024.png 1024w, https:\/\/viviquecosmetics.ch\/wp-content\/uploads\/2-1-380x380.png 380w, https:\/\/viviquecosmetics.ch\/wp-content\/uploads\/2-1-768x768.png 768w, https:\/\/viviquecosmetics.ch\/wp-content\/uploads\/2-1-1536x1536.png 1536w, https:\/\/viviquecosmetics.ch\/wp-content\/uploads\/2-1-12x12.png 12w, https:\/\/viviquecosmetics.ch\/wp-content\/uploads\/2-1-300x300.png 300w, https:\/\/viviquecosmetics.ch\/wp-content\/uploads\/2-1-600x600.png 600w, https:\/\/viviquecosmetics.ch\/wp-content\/uploads\/2-1-100x100.png 100w, https:\/\/viviquecosmetics.ch\/wp-content\/uploads\/2-1.png 1563w\" sizes=\"(max-width: 800px) 100vw, 800px\" \/>\t\t\t\t\t\t\t\t\t\t\t\t\t\t\t<\/div>\n\t\t\t\t<\/div>\n\t\t\t\t<\/div>\n\t\t<div class=\"elementor-element elementor-element-836c11f e-flex e-con-boxed e-con e-parent\" data-id=\"836c11f\" data-element_type=\"container\" data-settings=\"{&quot;background_background&quot;:&quot;classic&quot;}\">\n\t\t\t\t\t<div class=\"e-con-inner\">\n\t\t<div class=\"elementor-element elementor-element-a446581 e-con-full e-flex e-con e-child\" data-id=\"a446581\" data-element_type=\"container\">\n\t\t\t\t<div class=\"elementor-element elementor-element-a6b75f7 elementor-widget elementor-widget-heading\" data-id=\"a6b75f7\" data-element_type=\"widget\" data-widget_type=\"heading.default\">\n\t\t\t\t<div class=\"elementor-widget-container\">\n\t\t\t\t\t<h1 class=\"elementor-heading-title elementor-size-default\">Studio<\/h1>\t\t\t\t<\/div>\n\t\t\t\t<\/div>\n\t\t\t\t<div class=\"elementor-element elementor-element-cd05db8 elementor-widget-divider--view-line elementor-widget elementor-widget-divider\" data-id=\"cd05db8\" data-element_type=\"widget\" data-widget_type=\"divider.default\">\n\t\t\t\t<div class=\"elementor-widget-container\">\n\t\t\t\t\t\t\t<div class=\"elementor-divider\">\n\t\t\t<span class=\"elementor-divider-separator\">\n\t\t\t\t\t\t<\/span>\n\t\t<\/div>\n\t\t\t\t\t\t<\/div>\n\t\t\t\t<\/div>\n\t\t\t\t<div class=\"elementor-element elementor-element-b510339 elementor-widget elementor-widget-text-editor\" data-id=\"b510339\" data-element_type=\"widget\" data-widget_type=\"text-editor.default\">\n\t\t\t\t<div class=\"elementor-widget-container\">\n\t\t\t\t\t\t\t\t\t<p>Im Vivique Cosmetics Studio erwartet dich mehr als eine Wimpernverl\u00e4ngerung \u2013 es ist ein Erlebnis, das deine Sinne auf eine Reise schickt.<\/p><p>Jeder Moment ist darauf ausgerichtet, dir eine Atmosph\u00e4re von Ruhe, Exklusivit\u00e4t und vollendeter Perfektion zu schenken.<\/p><p>Unser Anspruch? Deine Begeisterung. Vom ersten Schritt ins Studio bis zum letzten Blick in den Spiegel \u2013 jedes Detail ist sorgf\u00e4ltig durchdacht, um dich in eine Welt einzuladen, in der Zeit, Raum und Gedanken in den Hintergrund treten.<\/p><p>Entdecke die Harmonie aus Entspannung und \u00c4sthetik.<\/p>\t\t\t\t\t\t\t\t<\/div>\n\t\t\t\t<\/div>\n\t\t\t\t<div class=\"elementor-element elementor-element-11d5325 elementor-widget elementor-widget-button\" data-id=\"11d5325\" data-element_type=\"widget\" data-widget_type=\"button.default\">\n\t\t\t\t<div class=\"elementor-widget-container\">\n\t\t\t\t\t\t\t\t\t<div class=\"elementor-button-wrapper\">\n\t\t\t\t\t<a class=\"elementor-button elementor-button-link elementor-size-sm\" href=\"https:\/\/viviquecosmetics.ch\/en\/erlebnis-buchen\/\">\n\t\t\t\t\t\t<span class=\"elementor-button-content-wrapper\">\n\t\t\t\t\t\t<span class=\"elementor-button-icon\">\n\t\t\t\t<i aria-hidden=\"true\" class=\"fas fa-long-arrow-alt-right\"><\/i>\t\t\t<\/span>\n\t\t\t\t\t\t\t\t\t<span class=\"elementor-button-text\">Erlebnis buchen<\/span>\n\t\t\t\t\t<\/span>\n\t\t\t\t\t<\/a>\n\t\t\t\t<\/div>\n\t\t\t\t\t\t\t\t<\/div>\n\t\t\t\t<\/div>\n\t\t\t\t<\/div>\n\t\t<div class=\"elementor-element elementor-element-6a470dd e-con-full e-flex e-con e-child\" data-id=\"6a470dd\" data-element_type=\"container\">\n\t\t\t\t<div class=\"elementor-element elementor-element-d5bbd82 elementor-widget elementor-widget-image\" data-id=\"d5bbd82\" data-element_type=\"widget\" data-widget_type=\"image.default\">\n\t\t\t\t<div class=\"elementor-widget-container\">\n\t\t\t\t\t\t\t\t\t\t\t\t\t\t\t<img decoding=\"async\" width=\"800\" height=\"800\" src=\"https:\/\/viviquecosmetics.ch\/wp-content\/uploads\/Studio-Viviquecosmetics-1024x1024.jpg\" class=\"attachment-large size-large wp-image-12196\" alt=\"Vivique Cosmetics Studio Wimpernverl\u00e4ngerung &amp; Online Shop Ebikon Schweiz\" srcset=\"https:\/\/viviquecosmetics.ch\/wp-content\/uploads\/Studio-Viviquecosmetics-1024x1024.jpg 1024w, https:\/\/viviquecosmetics.ch\/wp-content\/uploads\/Studio-Viviquecosmetics-380x380.jpg 380w, https:\/\/viviquecosmetics.ch\/wp-content\/uploads\/Studio-Viviquecosmetics-768x768.jpg 768w, https:\/\/viviquecosmetics.ch\/wp-content\/uploads\/Studio-Viviquecosmetics-1536x1536.jpg 1536w, https:\/\/viviquecosmetics.ch\/wp-content\/uploads\/Studio-Viviquecosmetics-2048x2048.jpg 2048w, https:\/\/viviquecosmetics.ch\/wp-content\/uploads\/Studio-Viviquecosmetics-12x12.jpg 12w, https:\/\/viviquecosmetics.ch\/wp-content\/uploads\/Studio-Viviquecosmetics-300x300.jpg 300w, https:\/\/viviquecosmetics.ch\/wp-content\/uploads\/Studio-Viviquecosmetics-600x600.jpg 600w, https:\/\/viviquecosmetics.ch\/wp-content\/uploads\/Studio-Viviquecosmetics-100x100.jpg 100w\" sizes=\"(max-width: 800px) 100vw, 800px\" \/>\t\t\t\t\t\t\t\t\t\t\t\t\t\t\t<\/div>\n\t\t\t\t<\/div>\n\t\t\t\t<\/div>\n\t\t\t\t\t<\/div>\n\t\t\t\t<\/div>\n\t\t<div class=\"elementor-element elementor-element-833686f e-flex e-con-boxed e-con e-parent\" data-id=\"833686f\" data-element_type=\"container\" data-settings=\"{&quot;background_background&quot;:&quot;classic&quot;}\">\n\t\t\t\t\t<div class=\"e-con-inner\">\n\t\t\t\t<div class=\"elementor-element elementor-element-fe6bf0e elementor-widget elementor-widget-heading\" data-id=\"fe6bf0e\" data-element_type=\"widget\" data-widget_type=\"heading.default\">\n\t\t\t\t<div class=\"elementor-widget-container\">\n\t\t\t\t\t<h2 class=\"elementor-heading-title elementor-size-default\">Eure Stimmen<\/h2>\t\t\t\t<\/div>\n\t\t\t\t<\/div>\n\t\t\t\t<div class=\"elementor-element elementor-element-476df76 elementor-widget-divider--view-line elementor-widget elementor-widget-divider\" data-id=\"476df76\" data-element_type=\"widget\" data-widget_type=\"divider.default\">\n\t\t\t\t<div class=\"elementor-widget-container\">\n\t\t\t\t\t\t\t<div class=\"elementor-divider\">\n\t\t\t<span class=\"elementor-divider-separator\">\n\t\t\t\t\t\t<\/span>\n\t\t<\/div>\n\t\t\t\t\t\t<\/div>\n\t\t\t\t<\/div>\n\t\t\t\t<div class=\"elementor-element elementor-element-a74ecdb elementor-arrows-yes elementor-pagination-type-bullets elementor-review--has-separator elementor--star-style-star_fontawesome elementor-widget elementor-widget-reviews\" data-id=\"a74ecdb\" data-element_type=\"widget\" data-settings=\"{&quot;space_between&quot;:{&quot;unit&quot;:&quot;px&quot;,&quot;size&quot;:12,&quot;sizes&quot;:[]},&quot;space_between_mobile&quot;:{&quot;unit&quot;:&quot;px&quot;,&quot;size&quot;:6,&quot;sizes&quot;:[]},&quot;show_arrows&quot;:&quot;yes&quot;,&quot;pagination&quot;:&quot;bullets&quot;,&quot;speed&quot;:500,&quot;autoplay&quot;:&quot;yes&quot;,&quot;autoplay_speed&quot;:5000,&quot;loop&quot;:&quot;yes&quot;,&quot;pause_on_hover&quot;:&quot;yes&quot;,&quot;pause_on_interaction&quot;:&quot;yes&quot;,&quot;space_between_laptop&quot;:{&quot;unit&quot;:&quot;px&quot;,&quot;size&quot;:10,&quot;sizes&quot;:[]},&quot;space_between_tablet&quot;:{&quot;unit&quot;:&quot;px&quot;,&quot;size&quot;:10,&quot;sizes&quot;:[]}}\" data-widget_type=\"reviews.default\">\n\t\t\t\t<div class=\"elementor-widget-container\">\n\t\t\t\t\t\t\t\t\t<div class=\"elementor-swiper\">\n\t\t\t\t\t<div class=\"elementor-main-swiper swiper\" role=\"region\" aria-roledescription=\"carousel\" aria-label=\"Slider\">\n\t\t\t\t<div class=\"swiper-wrapper\">\n\t\t\t\t\t\t\t\t\t\t\t<div class=\"swiper-slide\" role=\"group\" aria-roledescription=\"slide\">\n\t\t\t\t\t\t\t\t\t<div class=\"elementor-testimonial elementor-repeater-item-6cef618\">\n\t\t\t\t\t\t\t<div class=\"elementor-testimonial__header\">\n\t\t\t\t\t\t\t\t\t\t<cite class=\"elementor-testimonial__cite\"><span class=\"elementor-testimonial__name\">Melisa <\/span><\/cite>\t\t\t\t\t<div class=\"elementor-testimonial__icon elementor-icon elementor-icon-\" aria-label=\"Read More\"><\/div>\t\t\t\t<\/div>\n\t\t\t\t\t\t\t\t\t\t<div class=\"elementor-testimonial__content\">\n\t\t\t\t\t<div class=\"elementor-testimonial__text\">\n\t\t\t\t\t\tIch kann dieses Studio nur weiterempfehlen! Vom ersten Moment an habe ich mich wohlgef\u00fchlt \u2013 die Atmosph\u00e4re ist ruhig und entspannt. Die Stylistin nimmt sich viel Zeit und achtet auf jedes Detail. Meine Wimpern sehen so perfekt aus, dass ich t\u00e4glich Komplimente bekomme. Endlich habe ich mein Stammstudio gefunden!\t\t\t\t\t<\/div>\n\t\t\t\t<\/div>\n\t\t\t\t\t<\/div>\n\t\t\t\t\t\t\t\t<\/div>\n\t\t\t\t\t\t\t\t\t\t\t<div class=\"swiper-slide\" role=\"group\" aria-roledescription=\"slide\">\n\t\t\t\t\t\t\t\t\t<div class=\"elementor-testimonial elementor-repeater-item-cc9ce6d\">\n\t\t\t\t\t\t\t<div class=\"elementor-testimonial__header\">\n\t\t\t\t\t\t\t\t\t\t<cite class=\"elementor-testimonial__cite\"><span class=\"elementor-testimonial__name\">Jolanda<\/span><\/cite>\t\t\t\t\t<div class=\"elementor-testimonial__icon elementor-icon elementor-icon-\" aria-label=\"Read More\"><\/div>\t\t\t\t<\/div>\n\t\t\t\t\t\t\t\t\t\t<div class=\"elementor-testimonial__content\">\n\t\t\t\t\t<div class=\"elementor-testimonial__text\">\n\t\t\t\t\t\tIch bin absolut begeistert von meinem Besuch im Studio! Die Atmosph\u00e4re ist wundersch\u00f6n, stilvoll und entspannt. Veli arbeitet mit h\u00f6chster Pr\u00e4zision. Meine Wimpern sehen unglaublich nat\u00fcrlich aus. Man merkt, dass hier nur hochwertige Produkte verwendet werden. Ich habe schon viele Studios ausprobiert, aber keins hat mich so \u00fcberzeugt wie dieses. Ich komme definitiv wieder!\t\t\t\t\t<\/div>\n\t\t\t\t<\/div>\n\t\t\t\t\t<\/div>\n\t\t\t\t\t\t\t\t<\/div>\n\t\t\t\t\t\t\t\t\t\t\t<div class=\"swiper-slide\" role=\"group\" aria-roledescription=\"slide\">\n\t\t\t\t\t\t\t\t\t<div class=\"elementor-testimonial elementor-repeater-item-d3d5173\">\n\t\t\t\t\t\t\t<div class=\"elementor-testimonial__header\">\n\t\t\t\t\t\t\t\t\t\t<cite class=\"elementor-testimonial__cite\"><span class=\"elementor-testimonial__name\">Sara<\/span><\/cite>\t\t\t\t\t<div class=\"elementor-testimonial__icon elementor-icon elementor-icon-\" aria-label=\"Read More\"><\/div>\t\t\t\t<\/div>\n\t\t\t\t\t\t\t\t\t\t<div class=\"elementor-testimonial__content\">\n\t\t\t\t\t<div class=\"elementor-testimonial__text\">\n\t\t\t\t\t\tMega sch\u00f6ne Wimpern. Sie sind volumin\u00f6s, ohne k\u00fcnstlich auszusehen. Klare Kaufempfehlung!\t\t\t\t\t<\/div>\n\t\t\t\t<\/div>\n\t\t\t\t\t<\/div>\n\t\t\t\t\t\t\t\t<\/div>\n\t\t\t\t\t\t\t\t\t\t\t<div class=\"swiper-slide\" role=\"group\" aria-roledescription=\"slide\">\n\t\t\t\t\t\t\t\t\t<div class=\"elementor-testimonial elementor-repeater-item-56b87aa\">\n\t\t\t\t\t\t\t<div class=\"elementor-testimonial__header\">\n\t\t\t\t\t\t\t\t\t\t<cite class=\"elementor-testimonial__cite\"><span class=\"elementor-testimonial__name\">Sanela<\/span><\/cite>\t\t\t\t\t<div class=\"elementor-testimonial__icon elementor-icon elementor-icon-\" aria-label=\"Read More\"><\/div>\t\t\t\t<\/div>\n\t\t\t\t\t\t\t\t\t\t<div class=\"elementor-testimonial__content\">\n\t\t\t\t\t<div class=\"elementor-testimonial__text\">\n\t\t\t\t\t\tIch habe ein Studio gefunden, das genau auf die W\u00fcnsche der Kundinnen eingeht und individuell ber\u00e4t: Vivique Cosmetics!  Zum ersten Mal hat sich eine Wimpernstylistin die Zeit genommen, gemeinsam mit mir die perfekte L\u00f6sung zu finden. Zudem haben sich hier alle meine Sinne entspannt. Einfach top!\t\t\t\t\t<\/div>\n\t\t\t\t<\/div>\n\t\t\t\t\t<\/div>\n\t\t\t\t\t\t\t\t<\/div>\n\t\t\t\t\t\t\t\t\t<\/div>\n\t\t\t\t\t\t\t\t\t\t\t\t\t\t\t<div class=\"elementor-swiper-button elementor-swiper-button-prev\" role=\"button\" tabindex=\"0\" aria-label=\"Previous\">\n\t\t\t\t\t\t\t<i aria-hidden=\"true\" class=\"eicon-chevron-left\"><\/i>\t\t\t\t\t\t<\/div>\n\t\t\t\t\t\t<div class=\"elementor-swiper-button elementor-swiper-button-next\" role=\"button\" tabindex=\"0\" aria-label=\"Next\">\n\t\t\t\t\t\t\t<i aria-hidden=\"true\" class=\"eicon-chevron-right\"><\/i>\t\t\t\t\t\t<\/div>\n\t\t\t\t\t\t\t\t\t\t\t\t\t\t\t\t<div class=\"swiper-pagination\"><\/div>\n\t\t\t\t\t\t\t\t\t\t\t\t<\/div>\n\t\t\t\t<\/div>\n\t\t\t\t\t\t\t\t<\/div>\n\t\t\t\t<\/div>\n\t\t\t\t\t<\/div>\n\t\t\t\t<\/div>\n\t\t\t\t<\/div>","protected":false},"excerpt":{"rendered":"<p>Studio Im Vivique Cosmetics Studio erwartet dich mehr als eine Wimpernverl\u00e4ngerung \u2013 es ist ein Erlebnis, das deine Sinne auf eine Reise schickt. Jeder Moment ist darauf ausgerichtet, dir eine Atmosph\u00e4re von Ruhe, Exklusivit\u00e4t und vollendeter Perfektion zu schenken. Unser Anspruch? Deine Begeisterung. Vom ersten Schritt ins Studio bis zum letzten Blick in den Spiegel [&hellip;]<\/p>","protected":false},"author":34,"featured_media":0,"parent":0,"menu_order":0,"comment_status":"closed","ping_status":"closed","template":"","meta":{"footnotes":""},"class_list":["post-61","page","type-page","status-publish","hentry"],"_links":{"self":[{"href":"https:\/\/viviquecosmetics.ch\/en\/wp-json\/wp\/v2\/pages\/61","targetHints":{"allow":["GET"]}}],"collection":[{"href":"https:\/\/viviquecosmetics.ch\/en\/wp-json\/wp\/v2\/pages"}],"about":[{"href":"https:\/\/viviquecosmetics.ch\/en\/wp-json\/wp\/v2\/types\/page"}],"author":[{"embeddable":true,"href":"https:\/\/viviquecosmetics.ch\/en\/wp-json\/wp\/v2\/users\/34"}],"replies":[{"embeddable":true,"href":"https:\/\/viviquecosmetics.ch\/en\/wp-json\/wp\/v2\/comments?post=61"}],"version-history":[{"count":306,"href":"https:\/\/viviquecosmetics.ch\/en\/wp-json\/wp\/v2\/pages\/61\/revisions"}],"predecessor-version":[{"id":12390,"href":"https:\/\/viviquecosmetics.ch\/en\/wp-json\/wp\/v2\/pages\/61\/revisions\/12390"}],"wp:attachment":[{"href":"https:\/\/viviquecosmetics.ch\/en\/wp-json\/wp\/v2\/media?parent=61"}],"curies":[{"name":"wp","href":"https:\/\/api.w.org\/{rel}","templated":true}]}}