{"id":7106,"date":"2020-10-22T12:30:07","date_gmt":"2020-10-22T12:30:07","guid":{"rendered":"http:\/\/vivique-shop.com\/?page_id=7106"},"modified":"2025-02-25T14:34:37","modified_gmt":"2025-02-25T13:34:37","slug":"imprint","status":"publish","type":"page","link":"https:\/\/viviquecosmetics.ch\/en\/imprint\/","title":{"rendered":"Impressum"},"content":{"rendered":"<div data-elementor-type=\"wp-page\" data-elementor-id=\"7106\" class=\"elementor elementor-7106\" data-elementor-post-type=\"page\">\n\t\t\t\t<div class=\"elementor-element elementor-element-38ed4f88 e-flex e-con-boxed e-con e-parent\" data-id=\"38ed4f88\" data-element_type=\"container\">\n\t\t\t\t\t<div class=\"e-con-inner\">\n\t\t\t\t<div class=\"elementor-element elementor-element-1c725d07 elementor-widget elementor-widget-text-editor\" data-id=\"1c725d07\" data-element_type=\"widget\" data-widget_type=\"text-editor.default\">\n\t\t\t\t<div class=\"elementor-widget-container\">\n\t\t\t\t\t\t\t\t\t<h3 class=\"font_8\">Kontakt-Adresse<\/h3><p>Vivique Cosmetics KLG<\/p><p>Bahnhofstrasse 2<\/p><p>6030 Ebikon<\/p><p>Schweiz<br \/>E-Mail: <a href=\"mailto:info@viviquecosmetics.ch\">info@viviquecosmetics.ch<\/a><\/p><h3 class=\"font_8\">Vertretungsberechtigte Person(en)<\/h3><p class=\"font_8\">Vildana Becirovic Gesellschafterin<br \/>Nermin Becirovic Gesellschafter<\/p><h3 class=\"font_8\">Handelsregister-Eintrag<\/h3><p class=\"font_8\">Eingetragener Firmenname: Vivique Cosmetics KLG<br \/>Handelsregister Nr: CHE-147.842.805<\/p><h4 class=\"font_8\">Haftungsausschluss<\/h4><p class=\"font_8\">Der Autor \u00fcbernimmt keinerlei Gew\u00e4hr hinsichtlich der inhaltlichen Richtigkeit, Genauigkeit, Aktualit\u00e4t, Zuverl\u00e4ssigkeit und Vollst\u00e4ndigkeit der Informationen.<\/p><p class=\"font_8\">Haftungsanspr\u00fcche gegen den Autor wegen Sch\u00e4den materieller oder immaterieller Art, welche aus dem Zugriff oder der Nutzung bzw. Nichtnutzung der ver\u00f6ffentlichten Informationen, durch Missbrauch der Verbindung oder durch technische St\u00f6rungen entstanden sind, werden ausgeschlossen.<\/p><p class=\"font_8\">Alle Angebote sind unverbindlich. Der Autor beh\u00e4lt es sich ausdr\u00fccklich vor, Teile der Seiten oder das gesamte Angebot ohne besondere Ank\u00fcndigung zu ver\u00e4ndern, zu erg\u00e4nzen, zu l\u00f6schen oder die Ver\u00f6ffentlichung zeitweise oder endg\u00fcltig einzustellen.<\/p><h5 class=\"font_8\">Haftungsausschluss f\u00fcr Links<\/h5><p class=\"font_8\">Verweise und Links auf Webseiten Dritter liegen ausserhalb unseres Verantwortungsbereichs. Es wird jegliche Verantwortung f\u00fcr solche Webseiten abgelehnt. Der Zugriff und die Nutzung solcher Webseiten erfolgen auf eigene Gefahr des jeweiligen Nutzers.<\/p><h5 class=\"font_8\">Urheberrechte<\/h5><p class=\"font_8\">Die Urheber- und alle anderen Rechte an Inhalten, Bildern, Fotos oder anderen Dateien auf dieser Website, geh\u00f6ren ausschliesslich\u00a0der Firma Vivique Cosmetics KLG\u00a0oder den speziell genannten Rechteinhabern. F\u00fcr die Reproduktion jeglicher Elemente ist die schriftliche Zustimmung des Urheberrechtstr\u00e4gers im Voraus einzuholen.<\/p><p class=\"font_8\">Quelle:\u00a0<a href=\"https:\/\/www.swissanwalt.ch\/\" target=\"_blank\" rel=\"noopener noreferrer\">SwissAnwalt<\/a><\/p>\t\t\t\t\t\t\t\t<\/div>\n\t\t\t\t<\/div>\n\t\t\t\t\t<\/div>\n\t\t\t\t<\/div>\n\t\t\t\t<\/div>","protected":false},"excerpt":{"rendered":"<p>Kontakt-Adresse Vivique Cosmetics KLG Bahnhofstrasse 2 6030 Ebikon SchweizE-Mail: info@viviquecosmetics.ch Vertretungsberechtigte Person(en) Vildana Becirovic GesellschafterinNermin Becirovic Gesellschafter Handelsregister-Eintrag Eingetragener Firmenname: Vivique Cosmetics KLGHandelsregister Nr: CHE-147.842.805 Haftungsausschluss Der Autor \u00fcbernimmt keinerlei Gew\u00e4hr hinsichtlich der inhaltlichen Richtigkeit, Genauigkeit, Aktualit\u00e4t, Zuverl\u00e4ssigkeit und Vollst\u00e4ndigkeit der Informationen. Haftungsanspr\u00fcche gegen den Autor wegen Sch\u00e4den materieller oder immaterieller Art, welche aus dem [&hellip;]<\/p>","protected":false},"author":34,"featured_media":0,"parent":0,"menu_order":0,"comment_status":"closed","ping_status":"closed","template":"","meta":{"footnotes":""},"class_list":["post-7106","page","type-page","status-publish","hentry"],"_links":{"self":[{"href":"https:\/\/viviquecosmetics.ch\/en\/wp-json\/wp\/v2\/pages\/7106","targetHints":{"allow":["GET"]}}],"collection":[{"href":"https:\/\/viviquecosmetics.ch\/en\/wp-json\/wp\/v2\/pages"}],"about":[{"href":"https:\/\/viviquecosmetics.ch\/en\/wp-json\/wp\/v2\/types\/page"}],"author":[{"embeddable":true,"href":"https:\/\/viviquecosmetics.ch\/en\/wp-json\/wp\/v2\/users\/34"}],"replies":[{"embeddable":true,"href":"https:\/\/viviquecosmetics.ch\/en\/wp-json\/wp\/v2\/comments?post=7106"}],"version-history":[{"count":6,"href":"https:\/\/viviquecosmetics.ch\/en\/wp-json\/wp\/v2\/pages\/7106\/revisions"}],"predecessor-version":[{"id":12372,"href":"https:\/\/viviquecosmetics.ch\/en\/wp-json\/wp\/v2\/pages\/7106\/revisions\/12372"}],"wp:attachment":[{"href":"https:\/\/viviquecosmetics.ch\/en\/wp-json\/wp\/v2\/media?parent=7106"}],"curies":[{"name":"wp","href":"https:\/\/api.w.org\/{rel}","templated":true}]}}