{"id":7423,"date":"2020-12-17T20:55:54","date_gmt":"2020-12-17T20:55:54","guid":{"rendered":"https:\/\/vivique-shop.com\/?page_id=7423"},"modified":"2025-02-25T14:33:32","modified_gmt":"2025-02-25T13:33:32","slug":"shipping","status":"publish","type":"page","link":"https:\/\/viviquecosmetics.ch\/en\/shipping\/","title":{"rendered":"Lieferung"},"content":{"rendered":"<div data-elementor-type=\"wp-page\" data-elementor-id=\"7423\" class=\"elementor elementor-7423\" data-elementor-post-type=\"page\">\n\t\t\t\t<div class=\"elementor-element elementor-element-14ce0e58 e-flex e-con-boxed e-con e-parent\" data-id=\"14ce0e58\" data-element_type=\"container\">\n\t\t\t\t\t<div class=\"e-con-inner\">\n\t\t\t\t<div class=\"elementor-element elementor-element-6241481f elementor-widget elementor-widget-text-editor\" data-id=\"6241481f\" data-element_type=\"widget\" data-widget_type=\"text-editor.default\">\n\t\t\t\t<div class=\"elementor-widget-container\">\n\t\t\t\t\t\t\t\t\t\n<h2 class=\"wp-block-heading\">Lieferkosten<\/h2>\n\n<h4 class=\"wp-block-heading\"><strong>Europa<\/strong>:<\/h4>\n\n<p>Normaler Versand &#8211; <strong>CHF 6.00<\/strong><\/p>\n<p>Sicherer Versand\u00a0&#8211; <strong>CHF 8.00<\/strong><\/p>\n\n<h4 class=\"wp-block-heading\"><strong>Deutschland<\/strong>:<\/h4>\n\n<p>Normaler Versand &#8211; <strong>CHF 6.00<\/strong><br \/>Express Versand &#8211; <strong>CHF 12.00<\/strong><\/p>\n\n<h4 class=\"wp-block-heading\"><strong>Andere<\/strong>:<\/h4>\n\n<p>Normaler Versand &#8211; <strong>CHF 9.00<\/strong><br \/>Sicherer Versand &#8211; <strong>CHF 14.00<\/strong><\/p>\n\n<h4 class=\"wp-block-heading\"><strong>Schweiz<\/strong>:<\/h4>\n\n<p>Normaler Versand &#8211;<strong> CHF 4.00<\/strong><br \/>Sicherer Versand &#8211; <strong>CHF 6.00<\/strong><\/p>\n\n<h4 class=\"wp-block-heading\"><strong>Kostenloser Versand<\/strong>:<\/h4>\n\n<p>F\u00fcr Bestellungen \u00fcber CHF 100,-<\/p>\n\n<p>\u00a0<\/p>\n\n<h3 class=\"wp-block-heading\">Versandbedingungen<\/h3>\n\n<p><strong>Switzerland: <\/strong><br \/>Normaler Versand 2-3 Arbeitstage \/ Sicherer Versand 1-2 Arbeitstage<\/p>\n\n<p data-start=\"0\" data-end=\"71\"><strong>Deutschland:<\/strong><br data-start=\"12\" data-end=\"15\" \/>Normaler Versand: 1-2 Werktage \/ Express: 0-2 Werktage<\/p>\n<p data-start=\"73\" data-end=\"148\"><strong>Europa:<\/strong><br data-start=\"80\" data-end=\"83\" \/>Normaler Versand: 3-8 Werktage \/ Sicherer Versand: 2-7 Werktage<\/p>\n<p data-start=\"150\" data-end=\"234\"><strong>Andere L\u00e4nder:<\/strong><br data-start=\"164\" data-end=\"167\" \/>Normaler Versand: 8-15 Werktage \/ Sicherer Versand: 7-11 Werktage<\/p>\n<p data-start=\"236\" data-end=\"382\" data-is-last-node=\"\" data-is-only-node=\"\">Bitte beachten Sie, dass es derzeit zu Verz\u00f6gerungen von bis zu 5 Wochen in L\u00e4nder ausserhalb Europas kommen kann. Vielen Dank f\u00fcr Ihr Verst\u00e4ndnis.<\/p>\n\t\t\t\t\t\t\t\t<\/div>\n\t\t\t\t<\/div>\n\t\t\t\t\t<\/div>\n\t\t\t\t<\/div>\n\t\t\t\t<\/div>","protected":false},"excerpt":{"rendered":"<p>Lieferkosten Europa: Normaler Versand &#8211; CHF 6.00 Sicherer Versand\u00a0&#8211; CHF 8.00 Deutschland: Normaler Versand &#8211; CHF 6.00Express Versand &#8211; CHF 12.00 Andere: Normaler Versand &#8211; CHF 9.00Sicherer Versand &#8211; CHF 14.00 Schweiz: Normaler Versand &#8211; CHF 4.00Sicherer Versand &#8211; CHF 6.00 Kostenloser Versand: F\u00fcr Bestellungen \u00fcber CHF 100,- \u00a0 Versandbedingungen Switzerland: Normaler Versand 2-3 Arbeitstage [&hellip;]<\/p>","protected":false},"author":34,"featured_media":0,"parent":0,"menu_order":0,"comment_status":"closed","ping_status":"closed","template":"","meta":{"footnotes":""},"class_list":["post-7423","page","type-page","status-publish","hentry"],"_links":{"self":[{"href":"https:\/\/viviquecosmetics.ch\/en\/wp-json\/wp\/v2\/pages\/7423","targetHints":{"allow":["GET"]}}],"collection":[{"href":"https:\/\/viviquecosmetics.ch\/en\/wp-json\/wp\/v2\/pages"}],"about":[{"href":"https:\/\/viviquecosmetics.ch\/en\/wp-json\/wp\/v2\/types\/page"}],"author":[{"embeddable":true,"href":"https:\/\/viviquecosmetics.ch\/en\/wp-json\/wp\/v2\/users\/34"}],"replies":[{"embeddable":true,"href":"https:\/\/viviquecosmetics.ch\/en\/wp-json\/wp\/v2\/comments?post=7423"}],"version-history":[{"count":15,"href":"https:\/\/viviquecosmetics.ch\/en\/wp-json\/wp\/v2\/pages\/7423\/revisions"}],"predecessor-version":[{"id":12366,"href":"https:\/\/viviquecosmetics.ch\/en\/wp-json\/wp\/v2\/pages\/7423\/revisions\/12366"}],"wp:attachment":[{"href":"https:\/\/viviquecosmetics.ch\/en\/wp-json\/wp\/v2\/media?parent=7423"}],"curies":[{"name":"wp","href":"https:\/\/api.w.org\/{rel}","templated":true}]}}